{"id":744,"date":"2019-11-12T16:35:33","date_gmt":"2019-11-12T15:35:33","guid":{"rendered":"http:\/\/prod3.rskcom.com\/?page_id=744"},"modified":"2024-02-09T17:40:04","modified_gmt":"2024-02-09T16:40:04","slug":"contact","status":"publish","type":"page","link":"https:\/\/vascadoro.com\/de\/contact\/","title":{"rendered":"Kontakt"},"content":{"rendered":"<div class=\"wpb-content-wrapper\"><p>[vc_row full_width=&#8220;stretch_row_content&#8220; css=&#8220;.vc_custom_1569596962554{margin-top: 0px !important;margin-bottom: 0px !important;background-position: center !important;background-repeat: no-repeat !important;background-size: cover !important;}&#8220;][vc_column css=&#8220;.vc_custom_1569596905180{margin-top: 0px !important;margin-bottom: 0px !important;padding-top: 0px !important;padding-bottom: 0px !important;background-position: center !important;background-repeat: no-repeat !important;background-size: cover !important;}&#8220;]<div id=\"fullwidth-block-6a0581e4e79aa\" class=\"fullwidth-block clearfix\"  style=\"background-color: #e3eef2;padding-top: 75pxpx;padding-bottom: 25pxpx;\"><script type=\"text\/javascript\">if (typeof(gem_fix_fullwidth_position) == \"function\") { gem_fix_fullwidth_position(document.getElementById(\"fullwidth-block-6a0581e4e79aa\")); }<\/script><div class=\"fullwidth-block-background\" style=\"background-image: url(https:\/\/vascadoro.com\/wp-content\/uploads\/2019\/08\/BGH.jpg);background-repeat: no-repeat; background-size: cover;background-position: center top;\"><\/div><div class=\"fullwidth-block-inner\"><div class=\"container\">[vc_row_inner css=&#8220;.vc_custom_1569567716988{background-position: center !important;background-repeat: no-repeat !important;background-size: cover !important;}&#8220;][vc_column_inner width=&#8220;1\/2&#8243;]<div class=\"centered-box gem-image-centered-box\" ><div class=\"gem-image gem-wrapbox gem-wrapbox-style-default gem-wrapbox-position-centered  thegem-custom-6a0581e4e7aa04252\"  style=\"\" ><div class=\"gem-wrapbox-inner \" ><img class=\"gem-wrapbox-element img-responsive\" src=\"https:\/\/vascadoro.com\/wp-content\/uploads\/2019\/08\/LogoC.png\" alt=\"\"\/><\/div><style type=\"text\/css\">.thegem-custom-6a0581e4e7aa04252.gem-image a:hover img {filter: brightness( 100% ) contrast( 100% ) saturate( 100% ) blur( 0px ) hue-rotate( 0deg );}<\/style><\/div><\/div><div class=\"clearboth\"><\/div><style>#thegem-divider-6a0581e4e7d59 {margin-top: 10px !important;}#thegem-divider-6a0581e4e7d59 {margin-bottom: 10px !important;}<\/style><div id=\"thegem-divider-6a0581e4e7d59\" class=\"gem-divider  \" style=\"\" ><\/div>[vc_column_text]<\/p>\n<p style=\"text-align: center;\"><span style=\"color: #5d5c5c;\">Bocca d\u2019Oro, 20137 Porto-Vecchio <\/span><\/p>\n<p style=\"text-align: center;\"><span style=\"color: #5d5c5c;\">T\u00e9l : +33 4 95 70 26 24 <\/span><\/p>\n<p style=\"text-align: center;\"><span style=\"color: #5d5c5c;\">vascadoro@gmail.com <\/span><\/p>\n<p style=\"text-align: center;\"><span style=\"color: #5d5c5c;\">GPS : 9\u00b017\u20192\u2033E \/ 41\u00b033\u20192\u2033N<\/span><\/p>\n<p>[\/vc_column_text]<div class=\"socials socials-list socials-colored-hover socials-rounded socials-alignment-center\"><a class=\"socials-item\" target=\"_blank\" href=\"https:\/\/www.facebook.com\/ResidenceVascaDoro\/\" style=\"color: #0790c1;\" aria-label=\"facebook\" rel=\"noopener\"><i class=\"socials-item-icon facebook\" style=\"font-size: 32px\"><\/i><\/a><a class=\"socials-item\" target=\"_blank\" href=\"https:\/\/www.instagram.com\/vascadoro.corsica.portovecchio\/\" style=\"color: #0790c1;\" aria-label=\"instagram\" rel=\"noopener\"><i class=\"socials-item-icon instagram\" style=\"font-size: 32px\"><\/i><\/a><\/div><div class=\"clearboth\"><\/div><style>#thegem-divider-6a0581e4e7e3b {margin-top: 10px !important;}#thegem-divider-6a0581e4e7e3b {margin-bottom: 10px !important;}<\/style><div id=\"thegem-divider-6a0581e4e7e3b\" class=\"gem-divider  \" style=\"\" ><\/div>[\/vc_column_inner][vc_column_inner width=&#8220;1\/2&#8243;]<div class=\"clearboth\"><\/div><style>#thegem-divider-6a0581e4e7e8c {margin-top: 10px !important;}#thegem-divider-6a0581e4e7e8c {margin-bottom: 10px !important;}<\/style><div id=\"thegem-divider-6a0581e4e7e8c\" class=\"gem-divider  \" style=\"\" ><\/div>[vc_gmaps link=&#8220;#E-8_JTNDaWZyYW1lJTIwc3JjJTNEJTIyaHR0cHMlM0ElMkYlMkZ3d3cuZ29vZ2xlLmNvbSUyRm1hcHMlMkZkJTJGZW1iZWQlM0ZtaWQlM0QxWFBINmZKN3VlcE0yN0JMaWxaWWZaUk9UaksyMkNmTEolMjZ6JTNEMTAlMjIlMjB3aWR0aCUzRCUyMjY0MCUyMiUyMGhlaWdodCUzRCUyMjQ4MCUyMiUzRSUzQyUyRmlmcmFtZSUzRQ==&#8220; disable_scroll=&#8220;1&#8243; style=&#8220;2&#8243;][\/vc_column_inner][\/vc_row_inner][vc_empty_space height=&#8220;50px&#8220;]<\/div><\/div><\/div>[\/vc_column][\/vc_row][vc_row disable_element=&#8220;yes&#8220;][vc_column]<div class=\"clearboth\"><\/div><style>#thegem-divider-6a0581e4e7ef6 {margin-top: 2px !important;}#thegem-divider-6a0581e4e7ef6 {margin-bottom: 2px !important;}<\/style><div id=\"thegem-divider-6a0581e4e7ef6\" class=\"gem-divider  \" style=\"\" ><\/div>[vc_column_text css=&#8220;.vc_custom_1565624771495{margin-bottom: 20px !important;}&#8220;]<\/p>\n<h1 style=\"text-align: center;\">demande de r\u00e9servation<\/h1>\n<p>[\/vc_column_text]\n<div class=\"wpcf7 no-js\" id=\"wpcf7-f138-o1\" lang=\"fr-FR\" dir=\"ltr\" data-wpcf7-id=\"138\">\n<div class=\"screen-reader-response\"><p role=\"status\" aria-live=\"polite\" aria-atomic=\"true\"><\/p> <ul><\/ul><\/div>\n<form action=\"\/de\/wp-json\/wp\/v2\/pages\/744#wpcf7-f138-o1\" method=\"post\" class=\"wpcf7-form init gem-contact-form-white\" aria-label=\"Formulaire de contact\" novalidate=\"novalidate\" data-status=\"init\">\n<fieldset class=\"hidden-fields-container\"><legend class=\"screen-reader-text\">Hidden fields<\/legend><input type=\"hidden\" name=\"_wpcf7\" value=\"138\" \/><input type=\"hidden\" name=\"_wpcf7_version\" value=\"6.1.5\" \/><input type=\"hidden\" name=\"_wpcf7_locale\" value=\"fr_FR\" \/><input type=\"hidden\" name=\"_wpcf7_unit_tag\" value=\"wpcf7-f138-o1\" \/><input type=\"hidden\" name=\"_wpcf7_container_post\" value=\"0\" \/><input type=\"hidden\" name=\"_wpcf7_posted_data_hash\" value=\"\" \/>\n<\/fieldset>\n<div class=\"contact-form-style-3\">\n<p class=\"col-md-4 cf-style3-name\"><span class=\"wpcf7-form-control-wrap\" data-name=\"Title\"><select class=\"wpcf7-form-control wpcf7-select gem-combobox\" aria-invalid=\"false\" name=\"Title\"><option value=\"Mr\">Mr<\/option><option value=\"Mme\">Mme<\/option><option value=\"Mlle\">Mlle<\/option><\/select><\/span><\/p>\n\n<p class=\"col-md-4 cf-style3-name\"><span class=\"wpcf7-form-control-wrap\" data-name=\"nom\"><input size=\"40\" maxlength=\"400\" class=\"wpcf7-form-control wpcf7-text wpcf7-validates-as-required\" aria-required=\"true\" aria-invalid=\"false\" placeholder=\"Nom*\" value=\"\" type=\"text\" name=\"nom\" \/><\/span><\/p>\n\n<p class=\"col-md-4 cf-style3-name\"><span class=\"wpcf7-form-control-wrap\" data-name=\"prenom\"><input size=\"40\" maxlength=\"400\" class=\"wpcf7-form-control wpcf7-text wpcf7-validates-as-required\" aria-required=\"true\" aria-invalid=\"false\" placeholder=\"Prenom*\" value=\"\" type=\"text\" name=\"prenom\" \/><\/span><\/p>\n\n<p class=\"col-md-12 cf-style3-name\"><span class=\"wpcf7-form-control-wrap\" data-name=\"phone\"><input size=\"40\" maxlength=\"400\" class=\"wpcf7-form-control wpcf7-tel wpcf7-validates-as-required wpcf7-text wpcf7-validates-as-tel\" aria-required=\"true\" aria-invalid=\"false\" placeholder=\"T\u00e9l*\" value=\"\" type=\"tel\" name=\"phone\" \/><\/span><\/p>\n\n<p class=\"col-md-12 cf-style3-email\"><span class=\"wpcf7-form-control-wrap\" data-name=\"email\"><input size=\"40\" maxlength=\"400\" class=\"wpcf7-form-control wpcf7-email wpcf7-validates-as-required wpcf7-text wpcf7-validates-as-email\" aria-required=\"true\" aria-invalid=\"false\" placeholder=\"Email*\" value=\"\" type=\"email\" name=\"email\" \/><\/span><\/p>\n\n<p class=\"col-md-12 cf-style3-name\"><span class=\"wpcf7-form-control-wrap\" data-name=\"Pays\"><input size=\"40\" maxlength=\"400\" class=\"wpcf7-form-control wpcf7-text\" aria-invalid=\"false\" placeholder=\"Votre Pays\" value=\"\" type=\"text\" name=\"Pays\" \/><\/span><\/p>\n\n<h1 class=\"col-md-12\" style=\"text-align: center;\">Dates de s\u00e9jour<\/h1>\n\n<p class=\"col-md-6 cf-style2-half\"><span class=\"wpcf7-form-control-wrap\" data-name=\"check-in\"><input class=\"wpcf7-form-control wpcf7-date wpcf7-validates-as-date\" aria-invalid=\"false\" value=\"\" type=\"date\" name=\"check-in\" \/><\/span><\/p>\n\n<p class=\"col-md-6 cf-style2-half\"><span class=\"wpcf7-form-control-wrap\" data-name=\"check-out\"><input class=\"wpcf7-form-control wpcf7-date wpcf7-validates-as-date\" aria-invalid=\"false\" value=\"\" type=\"date\" name=\"check-out\" \/><\/span><\/p>\n\n<p class=\"col-md-6 cf-style3-name\"><span class=\"wpcf7-form-control-wrap\" data-name=\"Adultes\"><select class=\"wpcf7-form-control wpcf7-select gem-combobox\" aria-invalid=\"false\" name=\"Adultes\"><option value=\"\">Nombre d&#039;adultes<\/option><option value=\"1\">1<\/option><option value=\"2\">2<\/option><option value=\"3\">3<\/option><option value=\"4\">4<\/option><option value=\"5\">5<\/option><option value=\"6\">6<\/option><option value=\"7\">7<\/option><option value=\"8\">8<\/option><option value=\"9\">9<\/option><option value=\"10\">10<\/option><\/select><\/span><\/p>\n\n<p class=\"col-md-6 cf-style3-name\"><span class=\"wpcf7-form-control-wrap\" data-name=\"Enfants\"><select class=\"wpcf7-form-control wpcf7-select gem-combobox\" aria-invalid=\"false\" name=\"Enfants\"><option value=\"\">Nombre d&#039;enfants<\/option><option value=\"1\">1<\/option><option value=\"2\">2<\/option><option value=\"3\">3<\/option><option value=\"4\">4<\/option><option value=\"5\">5<\/option><option value=\"6\">6<\/option><option value=\"7\">7<\/option><option value=\"8\">8<\/option><option value=\"9\">9<\/option><option value=\"10\">10<\/option><\/select><\/span><\/p>\n\n<p class=\"col-md-6\" style=\"margin: 1.19em 0;\">Je souhaiterais louer la maison :<\/p>\n\n<p class=\"col-md-6 cf-style3-name\"><span class=\"wpcf7-form-control-wrap\" data-name=\"Maison\"><select class=\"wpcf7-form-control wpcf7-select gem-combobox\" aria-invalid=\"false\" name=\"Maison\"><option value=\"\">Choix de maison<\/option><option value=\"Bergerie ANALBA\">Bergerie ANALBA<\/option><option value=\"Bergerie EMERA\">Bergerie EMERA<\/option><option value=\"Bergerie LECCIA\">Bergerie LECCIA<\/option><option value=\"Bergerie SUVARA\">Bergerie SUVARA<\/option><option value=\"Bergerie U CASEDDU\">Bergerie U CASEDDU<\/option><option value=\"Maison MURTA\">Maison MURTA<\/option><option value=\"Maison VADINA\">Maison VADINA<\/option><option value=\"R\u00e9sidence FLO\">R\u00e9sidence FLO<\/option><option value=\"R\u00e9sidence LOLA\">R\u00e9sidence LOLA<\/option><option value=\"R\u00e9sidence PABLO\">R\u00e9sidence PABLO<\/option><\/select><\/span><\/p>\n\n<p class=\"col-md-12 cf-style2-textarea\"><span class=\"wpcf7-form-control-wrap\" data-name=\"Messege\"><textarea cols=\"40\" rows=\"10\" maxlength=\"2000\" class=\"wpcf7-form-control wpcf7-textarea\" aria-invalid=\"false\" placeholder=\"Message\" name=\"Messege\"><\/textarea><\/span><\/p>\n\n<p class=\"col-md-12\" style=\"text-align:center;\">Tous les champs avec une * sont obligatoires<\/p>\n\n\n<p class=\"col-md-12\"><div class=\"gem-button-container gem-button-position-fullwidth thegem-button-6a0581e4eb2c14298\"  ><input class=\"gem-button gem-button-size-small gem-button-style-flat gem-button-text-weight-normal wpcf7-form-control wpcf7-submit has-spinner gem-button-wpcf-custom\" data-ll-effect=\"drop-right-without-wrap\" style=\"border-radius: 3px;\" onmouseleave=\"\" onmouseenter=\"\" id=\"\" tabindex=\"\" type=\"submit\" value=\"Envoyez\" \/><\/div>\n\n<\/div><input type='hidden' class='wpcf7-pum' value='{\"closepopup\":false,\"closedelay\":0,\"openpopup\":false,\"openpopup_id\":0}' \/><div class=\"wpcf7-response-output\" aria-hidden=\"true\"><\/div>\n<\/form>\n<\/div>\n[vc_column_text]<\/p>\n<p style=\"text-align: center;\">En soumettant ce formulaire, vous acceptez que les donn\u00e9es saisies soient utilis\u00e9es par la r\u00e9sidence Vasca d&#8217;Oro afin qu&#8217;elle puisse accuser r\u00e9ception de votre demande, vous r\u00e9pondre directement, et si n\u00e9cessaire g\u00e9rer la relation contractuelle qui pourrait en r\u00e9sulter.<\/p>\n<p>[\/vc_column_text][\/vc_column][\/vc_row]<\/p>\n<\/div>","protected":false},"excerpt":{"rendered":"<p>[vc_row full_width=&#8220;stretch_row_content&#8220; css=&#8220;.vc_custom_1569596962554{margin-top: 0px !important;margin-bottom: 0px !important;background-position: center !important;background-repeat: no-repeat !important;background-size: cover !important;}&#8220;][vc_column css=&#8220;.vc_custom_1569596905180{margin-top: 0px !important;margin-bottom: 0px !important;padding-top: 0px !important;padding-bottom:&#8230;<\/p>\n","protected":false},"author":1,"featured_media":0,"parent":0,"menu_order":0,"comment_status":"closed","ping_status":"closed","template":"","meta":{"_monsterinsights_skip_tracking":false,"_monsterinsights_sitenote_active":false,"_monsterinsights_sitenote_note":"","_monsterinsights_sitenote_category":0,"footnotes":""},"class_list":["post-744","page","type-page","status-publish"],"_links":{"self":[{"href":"https:\/\/vascadoro.com\/de\/wp-json\/wp\/v2\/pages\/744","targetHints":{"allow":["GET"]}}],"collection":[{"href":"https:\/\/vascadoro.com\/de\/wp-json\/wp\/v2\/pages"}],"about":[{"href":"https:\/\/vascadoro.com\/de\/wp-json\/wp\/v2\/types\/page"}],"author":[{"embeddable":true,"href":"https:\/\/vascadoro.com\/de\/wp-json\/wp\/v2\/users\/1"}],"replies":[{"embeddable":true,"href":"https:\/\/vascadoro.com\/de\/wp-json\/wp\/v2\/comments?post=744"}],"version-history":[{"count":4,"href":"https:\/\/vascadoro.com\/de\/wp-json\/wp\/v2\/pages\/744\/revisions"}],"predecessor-version":[{"id":746,"href":"https:\/\/vascadoro.com\/de\/wp-json\/wp\/v2\/pages\/744\/revisions\/746"}],"wp:attachment":[{"href":"https:\/\/vascadoro.com\/de\/wp-json\/wp\/v2\/media?parent=744"}],"curies":[{"name":"wp","href":"https:\/\/api.w.org\/{rel}","templated":true}]}}