{"id":763,"date":"2019-11-12T17:23:17","date_gmt":"2019-11-12T16:23:17","guid":{"rendered":"http:\/\/prod3.rskcom.com\/?page_id=763"},"modified":"2024-02-09T17:49:42","modified_gmt":"2024-02-09T16:49:42","slug":"la-nostra-regione","status":"publish","type":"page","link":"https:\/\/vascadoro.com\/it\/la-nostra-regione\/","title":{"rendered":"La nostra regione"},"content":{"rendered":"<div class=\"wpb-content-wrapper\"><p>[vc_row][vc_column]<div id=\"fullwidth-block-69e9ded1a5ef2\" class=\"fullwidth-block clearfix\"  style=\"\"><script type=\"text\/javascript\">if (typeof(gem_fix_fullwidth_position) == \"function\") { gem_fix_fullwidth_position(document.getElementById(\"fullwidth-block-69e9ded1a5ef2\")); }<\/script><div class=\"fullwidth-block-background\" style=\"background-image: url(https:\/\/vascadoro.com\/wp-content\/uploads\/2019\/08\/BGPortfolios.jpg);background-repeat: no-repeat;background-position: right top;\"><\/div><div class=\"fullwidth-block-inner\"><div class=\"container\">[vc_empty_space][vc_column_text]<\/p>\n<div class=\"title-h1\" style=\"text-align: center;\">\n<p>Scoprire la Corsica del sud<\/p>\n<\/div>\n<p>[\/vc_column_text][vc_column_text]<\/p>\n<div class=\"title-h6\" style=\"text-align: center;\">Spiagge e montagne nelle vicinanze di Porto Vecchio<\/div>\n<p style=\"text-align: center;\">La residenza Vasca d\u2019Oro si trova a 5km da <strong>Porto-Vecchio<\/strong>, principale citt\u00e0 turistica della <strong>Corsica<\/strong>, nelle vicinanze delle famosa spiaggia di <strong>Palombaggia<\/strong>.<\/p>\n<p style=\"text-align: center;\">Vasca d&#8217;Oro e il suo villaggio turistico si trovano nel cuore della macchia mediterranea profumata, ma anche vicino alle pi\u00f9 belle spiagge dell&#8217;isola. In questo modo, \u00e8 possibile godere della calma e della tranquillit\u00e0 del nostro residence, avendo l&#8217;opportunit\u00e0 di praticare sport e altre attivit\u00e0 ricreative nei dintorni turistici e dinamici della regione di Porto-Vecchio.<\/p>\n<p>[\/vc_column_text][vc_separator][vc_empty_space][vc_row_inner][vc_column_inner width=&#8221;1\/2&#8243;][vc_empty_space][vc_single_image image=&#8221;2197&#8243; img_size=&#8221;full&#8221; alignment=&#8221;center&#8221;][vc_column_text]<\/p>\n<h1 style=\"text-align: center;\">Le spiagge di Palombaggia e Santa Giulia<\/h1>\n<p>[\/vc_column_text][vc_separator color=&#8221;sky&#8221; el_width=&#8221;10&#8243;][vc_column_text]<\/p>\n<p style=\"text-align: center;\">Vere e proprie spiagge da sogno con la loro sabbia bianca e calda, e l&#8217;acqua turchese che la accarezza.<br \/>\n<strong>Palombaggia e Santa Giulia<\/strong>, gioielli della Corsica, sono le mete preferite dei vacanzieri, grazie ad una moltitudine di possibili attivit\u00e0 sportive come: barca, jet-ski, immersioni, golf&#8230;<\/p>\n<p>[\/vc_column_text][vc_empty_space height=&#8221;22px&#8221;][\/vc_column_inner][vc_column_inner width=&#8221;1\/2&#8243;][vc_images_carousel images=&#8221;544,548,552&#8243; img_size=&#8221;600&#215;400&#8243; autoplay=&#8221;yes&#8221; wrap=&#8221;yes&#8221;][vc_empty_space][\/vc_column_inner][\/vc_row_inner][vc_separator][vc_row_inner][vc_column_inner width=&#8221;1\/2&#8243;][vc_images_carousel images=&#8221;540,536,532&#8243; img_size=&#8221;600&#215;400&#8243; autoplay=&#8221;yes&#8221; wrap=&#8221;yes&#8221;][\/vc_column_inner][vc_column_inner width=&#8221;1\/2&#8243;][vc_empty_space][vc_single_image image=&#8221;2197&#8243; img_size=&#8221;full&#8221; alignment=&#8221;center&#8221;][vc_column_text]<\/p>\n<h1 style=\"text-align: center;\">Porto-Vecchio<br \/>\ne la sua cittadella<\/h1>\n<p>[\/vc_column_text][vc_separator color=&#8221;sky&#8221; el_width=&#8221;10&#8243;][vc_column_text]<\/p>\n<p style=\"text-align: center;\">Terza citt\u00e0 pi\u00f9 grande della Corsica in termini di popolazione, ma prima per il turismo, <strong>Porto-Vecchio<\/strong> attira molti turisti da tutto il mondo, e anche molte star. \u00c8 un <strong>importante centro turistico dell&#8217;isola<\/strong> grazie alle sue spiagge da sogno, al suo caratteristico entroterra e alla sua vicinanza a Bonifacio.<\/p>\n<p>[\/vc_column_text][vc_empty_space height=&#8221;22px&#8221;][\/vc_column_inner][\/vc_row_inner][vc_empty_space height=&#8221;60px&#8221;][vc_separator][vc_row_inner][vc_column_inner width=&#8221;1\/2&#8243;][vc_empty_space][vc_single_image image=&#8221;2197&#8243; img_size=&#8221;full&#8221; alignment=&#8221;center&#8221;][vc_column_text]<\/p>\n<h1 style=\"text-align: center;\">I dintorni di<br \/>\nPorto-Vecchio<\/h1>\n<p>[\/vc_column_text][vc_separator color=&#8221;sky&#8221; el_width=&#8221;10&#8243;][vc_column_text]<\/p>\n<p style=\"text-align: center;\">Porto-Vecchio si trova a pochi minuti d&#8217;auto da altre importanti attrazioni turistiche della Corsica. Si pu\u00f2 cos\u00ec scoprire la microregione dell&#8217;estremo sud contraddistinta dalla famosa citt\u00e0 arroccata di Bonifacio, con le sue ripide falesie calcaree che si affacciano sulla vicina Sardegna.<\/p>\n<p>[\/vc_column_text][vc_empty_space height=&#8221;22px&#8221;][\/vc_column_inner][vc_column_inner width=&#8221;1\/2&#8243;][vc_images_carousel images=&#8221;528,524,520&#8243; img_size=&#8221;600&#215;400&#8243; autoplay=&#8221;yes&#8221; wrap=&#8221;yes&#8221;][vc_empty_space][\/vc_column_inner][\/vc_row_inner]<\/div><\/div><\/div>[\/vc_column][\/vc_row][vc_row][vc_column][vc_empty_space][\/vc_column][\/vc_row]<\/p>\n<\/div>","protected":false},"excerpt":{"rendered":"<p>[vc_row][vc_column][\/vc_column][\/vc_row][vc_row][vc_column][vc_empty_space][\/vc_column][\/vc_row]<\/p>\n","protected":false},"author":1,"featured_media":0,"parent":0,"menu_order":0,"comment_status":"closed","ping_status":"closed","template":"","meta":{"_monsterinsights_skip_tracking":false,"_monsterinsights_sitenote_active":false,"_monsterinsights_sitenote_note":"","_monsterinsights_sitenote_category":0,"footnotes":""},"class_list":["post-763","page","type-page","status-publish"],"_links":{"self":[{"href":"https:\/\/vascadoro.com\/it\/wp-json\/wp\/v2\/pages\/763","targetHints":{"allow":["GET"]}}],"collection":[{"href":"https:\/\/vascadoro.com\/it\/wp-json\/wp\/v2\/pages"}],"about":[{"href":"https:\/\/vascadoro.com\/it\/wp-json\/wp\/v2\/types\/page"}],"author":[{"embeddable":true,"href":"https:\/\/vascadoro.com\/it\/wp-json\/wp\/v2\/users\/1"}],"replies":[{"embeddable":true,"href":"https:\/\/vascadoro.com\/it\/wp-json\/wp\/v2\/comments?post=763"}],"version-history":[{"count":5,"href":"https:\/\/vascadoro.com\/it\/wp-json\/wp\/v2\/pages\/763\/revisions"}],"predecessor-version":[{"id":2347,"href":"https:\/\/vascadoro.com\/it\/wp-json\/wp\/v2\/pages\/763\/revisions\/2347"}],"wp:attachment":[{"href":"https:\/\/vascadoro.com\/it\/wp-json\/wp\/v2\/media?parent=763"}],"curies":[{"name":"wp","href":"https:\/\/api.w.org\/{rel}","templated":true}]}}