{"id":826,"date":"2019-11-13T09:37:01","date_gmt":"2019-11-13T08:37:01","guid":{"rendered":"http:\/\/prod3.rskcom.com\/?page_id=826"},"modified":"2024-10-03T15:08:50","modified_gmt":"2024-10-03T13:08:50","slug":"servizi-della-residenza","status":"publish","type":"page","link":"https:\/\/vascadoro.com\/it\/servizi-della-residenza\/","title":{"rendered":"Servizi"},"content":{"rendered":"<div class=\"wpb-content-wrapper\"><p>[vc_row css=&#8221;.vc_custom_1549379736057{margin-bottom: 0px !important;}&#8221;][vc_column css=&#8221;.vc_custom_1548802651004{margin-bottom: 0px !important;}&#8221;]<div id=\"fullwidth-block-69e73194ab797\" class=\"fullwidth-block clearfix\"  style=\"background-color: #187095;padding-top: 10px;\"><script type=\"text\/javascript\">if (typeof(gem_fix_fullwidth_position) == \"function\") { gem_fix_fullwidth_position(document.getElementById(\"fullwidth-block-69e73194ab797\")); }<\/script><div class=\"fullwidth-block-inner\">[vc_row_inner css=&#8221;.vc_custom_1548802630227{margin-bottom: 0px !important;}&#8221;][vc_column_inner width=&#8221;1\/4&#8243;][\/vc_column_inner][vc_column_inner width=&#8221;1\/2&#8243; css=&#8221;.vc_custom_1549305385427{padding-top: 22px !important;padding-bottom: 22px !important;}&#8221;][vc_column_text]<\/p>\n<div class=\"title-h6\" style=\"text-align: center;\"><span style=\"color: #ffffff;\">la reception \u00e8 a vostra disposizione per rispondere alle richieste e organizzare le vostre esigenze durante le vacanze.<\/span><\/div>\n<p>[\/vc_column_text][\/vc_column_inner][vc_column_inner width=&#8221;1\/4&#8243;][\/vc_column_inner][\/vc_row_inner]<\/div><\/div>[\/vc_column][\/vc_row][vc_row full_width=&#8221;stretch_row_content&#8221; css=&#8221;.vc_custom_1549305435808{margin-bottom: 0px !important;padding-top: 0px !important;}&#8221;][vc_column css=&#8221;.vc_custom_1548802578294{padding-top: 0px !important;}&#8221;]<div id=\"fullwidth-block-69e73194abb3e\" class=\"fullwidth-block clearfix\"  style=\"\"><script type=\"text\/javascript\">if (typeof(gem_fix_fullwidth_position) == \"function\") { gem_fix_fullwidth_position(document.getElementById(\"fullwidth-block-69e73194abb3e\")); }<\/script><div class=\"fullwidth-block-background\" style=\"background-image: url(https:\/\/vascadoro.com\/wp-content\/uploads\/2019\/10\/BGPortfolios-porto-vecchio.jpg);background-repeat: no-repeat; background-size: cover;background-position: center top;\"><\/div><div class=\"fullwidth-block-inner\"><div class=\"container\">[vc_row_inner equal_height=&#8221;yes&#8221; css=&#8221;.vc_custom_1548803409589{margin-bottom: 0px !important;background-color: #ffffff !important;}&#8221;][vc_column_inner width=&#8221;1\/2&#8243; css=&#8221;.vc_custom_1565621977412{background-color: #e3eef2 !important;}&#8221;][vc_single_image image=&#8221;2197&#8243; alignment=&#8221;center&#8221;][vc_column_text css=&#8221;.vc_custom_1574411578848{margin-right: 20% !important;margin-left: 20% !important;}&#8221;]<\/p>\n<h3 style=\"text-align: center; line-height: 30px;\"><span style=\"color: #2b86ad;\">CONSEGNA DI PANE E DOLCI<\/span><\/h3>\n<p>[\/vc_column_text][vc_column_text css=&#8221;.vc_custom_1569575706901{margin-right: 20% !important;margin-left: 20% !important;}&#8221;]<\/p>\n<p style=\"text-align: center;\">Gli ordini devono essere effettuati prima delle 18:00, al bar o alla reception o per telefono. Consegna al mattino sulla vostra terrazza. Tariffe e scelte disponibili nel raccoglitore nella vostra villa.<\/p>\n<p style=\"text-align: center;\"><span style=\"color: #545453;\">\u00a0<\/span><\/p>\n<p>[\/vc_column_text][vc_empty_space][vc_empty_space][\/vc_column_inner][vc_column_inner width=&#8221;1\/2&#8243; css=&#8221;.vc_custom_1565621963020{padding-top: 0px !important;padding-right: 0px !important;padding-bottom: 0px !important;padding-left: 0px !important;background-image: url(https:\/\/vascadoro.com\/wp-content\/uploads\/2019\/08\/ServiceA.jpg?id=102) !important;background-position: center !important;background-repeat: no-repeat !important;background-size: cover !important;}&#8221;][vc_empty_space height=&#8221;350px&#8221;][\/vc_column_inner][\/vc_row_inner][vc_row_inner equal_height=&#8221;yes&#8221; css=&#8221;.vc_custom_1548803516690{margin-bottom: 0px !important;background-color: #ffffff !important;}&#8221;][vc_column_inner width=&#8221;1\/2&#8243; css=&#8221;.vc_custom_1565622264505{padding-top: 0px !important;padding-right: 0px !important;padding-bottom: 0px !important;padding-left: 0px !important;background-image: url(https:\/\/vascadoro.com\/wp-content\/uploads\/2019\/08\/ServiceB.jpg?id=112) !important;background-position: center !important;background-repeat: no-repeat !important;background-size: cover !important;}&#8221;][vc_empty_space height=&#8221;350px&#8221;][\/vc_column_inner][vc_column_inner width=&#8221;1\/2&#8243; css=&#8221;.vc_custom_1565622621657{background-color: #e3eef2 !important;}&#8221;][vc_single_image image=&#8221;2197&#8243; alignment=&#8221;center&#8221;][vc_column_text css=&#8221;.vc_custom_1565798354878{margin-right: 20% !important;margin-left: 20% !important;}&#8221;]<\/p>\n<h3 style=\"text-align: center; line-height: 30px;\"><span style=\"color: #2b86ad;\">2 piscine (1 riscaldata fuori stagione)<\/span><\/h3>\n<p>[\/vc_column_text][vc_column_text css=&#8221;.vc_custom_1727960921452{margin-right: 15% !important;margin-left: 15% !important;}&#8221;]<\/p>\n<p style=\"text-align: center;\">Il residence dispone di 2 piscine esterne, una delle quali \u00e8 riscaldata in bassa stagione, con una profondit\u00e0 compresa tra 1,80 e 2 m. Ci auguriamo che trascorriate momenti rilassanti e piacevoli nelle piscine del residence e che siate a conoscenza <strong>delle seguenti informazioni<\/strong>:<\/p>\n<p>[\/vc_column_text][vc_column_text]<\/p>\n<span class='pum-trigger  popmake-824  btn_bleu' data-do-default=''>ULTERIORI INFORMAZIONI<\/span>\n<p>[\/vc_column_text][vc_empty_space][\/vc_column_inner][\/vc_row_inner][vc_row_inner equal_height=&#8221;yes&#8221; css=&#8221;.vc_custom_1548803409589{margin-bottom: 0px !important;background-color: #ffffff !important;}&#8221;][vc_column_inner width=&#8221;1\/2&#8243; css=&#8221;.vc_custom_1565622640798{background-color: #e3eef2 !important;}&#8221;][vc_single_image image=&#8221;2197&#8243; alignment=&#8221;center&#8221;][vc_column_text css=&#8221;.vc_custom_1569577024000{margin-right: 20% !important;margin-left: 20% !important;}&#8221;]<\/p>\n<h3 style=\"text-align: center; line-height: 30px;\"><span style=\"color: #2b86ad;\">Campo da tennis<br \/>\ne tavolini da ping-pong<\/span><\/h3>\n<p>[\/vc_column_text][vc_column_text css=&#8221;.vc_custom_1569576998874{margin-right: 20% !important;margin-left: 20% !important;}&#8221;]<\/p>\n<p style=\"text-align: center;\"><span style=\"color: #545453;\">Un campo da tennis attrezzato con palline e racchette vi aspetta nel nostro residence assieme a un tavolo da ping-pong. Siete pregati di contattare la reception per prenotare.<\/span><\/p>\n<p>[\/vc_column_text][vc_empty_space][\/vc_column_inner][vc_column_inner width=&#8221;1\/2&#8243; css=&#8221;.vc_custom_1569568782156{padding-top: 0px !important;padding-right: 0px !important;padding-bottom: 0px !important;padding-left: 0px !important;background-image: url(https:\/\/vascadoro.com\/wp-content\/uploads\/2019\/09\/tennis-residence-palombaggia.jpg?id=603) !important;background-position: center !important;background-repeat: no-repeat !important;background-size: cover !important;}&#8221;][vc_empty_space height=&#8221;350px&#8221;][\/vc_column_inner][\/vc_row_inner][vc_row_inner equal_height=&#8221;yes&#8221; css=&#8221;.vc_custom_1548803516690{margin-bottom: 0px !important;background-color: #ffffff !important;}&#8221;][vc_column_inner width=&#8221;1\/2&#8243; css=&#8221;.vc_custom_1569577432354{padding-top: 0px !important;padding-right: 0px !important;padding-bottom: 0px !important;padding-left: 0px !important;background-image: url(https:\/\/vascadoro.com\/wp-content\/uploads\/2019\/09\/ipad-820272_640.jpg?id=614) !important;background-position: center !important;background-repeat: no-repeat !important;background-size: cover !important;}&#8221;][vc_empty_space height=&#8221;350px&#8221;][\/vc_column_inner][vc_column_inner width=&#8221;1\/2&#8243; css=&#8221;.vc_custom_1565622656628{background-color: #e3eef2 !important;}&#8221;][vc_single_image image=&#8221;2197&#8243; alignment=&#8221;center&#8221;][vc_column_text css=&#8221;.vc_custom_1569577091008{margin-right: 20% !important;margin-left: 20% !important;}&#8221;]<\/p>\n<h3 style=\"text-align: center; line-height: 30px;\"><span style=\"color: #2b86ad;\">internet \/ wifi<br \/>\n<\/span><\/h3>\n<p>[\/vc_column_text][vc_column_text css=&#8221;.vc_custom_1621067426421{margin-right: 20% !important;margin-left: 20% !important;}&#8221;]<\/p>\n<p style=\"text-align: center;\"><span class=\"tlid-translation translation\" lang=\"it\"><span title=\"\">WiFi gratuito presso la connessione automatica bar \/ piscina.<\/span> <span title=\"\">Seleziona la barra wifi.<\/span><\/span><\/p>\n<p style=\"text-align: center;\">Connessione wifi a pagamento via satellite nelle nostre ville:<br \/>\n1 giorno \/ 5 \u20ac<br \/>\n2 giorni \/ 10 \u20ac<br \/>\n4 giorni \/ 15 \u20ac<br \/>\n7 giorni \/ 20 \u20ac<\/p>\n<p style=\"text-align: center;\">Contattare la reception per i codici.<\/p>\n<p>[\/vc_column_text][vc_empty_space][\/vc_column_inner][\/vc_row_inner][vc_row_inner equal_height=&#8221;yes&#8221; css=&#8221;.vc_custom_1548803409589{margin-bottom: 0px !important;background-color: #ffffff !important;}&#8221;][vc_column_inner width=&#8221;1\/2&#8243; css=&#8221;.vc_custom_1565622672777{background-color: #e3eef2 !important;}&#8221;][vc_single_image image=&#8221;2197&#8243; alignment=&#8221;center&#8221;][vc_column_text css=&#8221;.vc_custom_1569577525742{margin-right: 18% !important;margin-left: 18% !important;}&#8221;]<\/p>\n<h3 style=\"text-align: center; line-height: 30px;\"><span style=\"color: #2b86ad;\">area relax con vasca idromassaggio e sauna<\/span><\/h3>\n<p>[\/vc_column_text][vc_column_text css=&#8221;.vc_custom_1705745046088{margin-right: 20% !important;margin-left: 20% !important;}&#8221;]<\/p>\n<p class=\"gmail-msolistparagraph\" style=\"margin: 0cm 0cm 0.0001pt; text-align: center;\">Durante le vostre vacanze nel sud della Corsica, per il vostro riposo, nel residence \u00e8 a vostra disposizione una zona relax con sauna e vasca idromassaggio. Riservato solo agli adulti. Contatta la reception per prenotare.<\/p>\n<p>[\/vc_column_text][vc_empty_space][\/vc_column_inner][vc_column_inner width=&#8221;1\/2&#8243; css=&#8221;.vc_custom_1565622333380{padding-top: 0px !important;padding-right: 0px !important;padding-bottom: 0px !important;padding-left: 0px !important;background-image: url(https:\/\/vascadoro.com\/wp-content\/uploads\/2019\/08\/ServiceE.jpg?id=115) !important;background-position: center !important;background-repeat: no-repeat !important;background-size: cover !important;}&#8221;][vc_empty_space height=&#8221;350px&#8221;][\/vc_column_inner][\/vc_row_inner][vc_row_inner equal_height=&#8221;yes&#8221; css=&#8221;.vc_custom_1548803516690{margin-bottom: 0px !important;background-color: #ffffff !important;}&#8221;][vc_column_inner width=&#8221;1\/2&#8243; css=&#8221;.vc_custom_1569578505460{padding-top: 0px !important;padding-right: 0px !important;padding-bottom: 0px !important;padding-left: 0px !important;background-image: url(https:\/\/vascadoro.com\/wp-content\/uploads\/2019\/09\/recption-residence-avec-piscine-porto-vecchio.jpg?id=618) !important;background-position: center !important;background-repeat: no-repeat !important;background-size: cover !important;}&#8221;][vc_empty_space height=&#8221;350px&#8221;][\/vc_column_inner][vc_column_inner width=&#8221;1\/2&#8243; css=&#8221;.vc_custom_1565622656628{background-color: #e3eef2 !important;}&#8221;][vc_single_image image=&#8221;2197&#8243; alignment=&#8221;center&#8221;][vc_column_text css=&#8221;.vc_custom_1569577784140{margin-right: 20% !important;margin-left: 20% !important;}&#8221;]<\/p>\n<h3 style=\"text-align: center; line-height: 30px;\"><span style=\"color: #2b86ad;\">la reception<\/span><\/h3>\n<p>[\/vc_column_text][vc_column_text css=&#8221;.vc_custom_1569578362355{margin-right: 10% !important;margin-left: 10% !important;}&#8221;]<\/p>\n<p style=\"text-align: center;\">Il check-in (16h30) e il check-out (9h) vengono effettuati alla reception in caso di arrivo dopo le 19h, si prega di avvisarci in anticipo.<br \/>\nA seconda della disponibilit\u00e0, il check-in pu\u00f2 essere effettuato prima delle 16:30. Possibilit\u00e0 di lasciare gratuitamente i bagagli alla reception<br \/>\nPer qualsiasi informazione sulla regione, le attivit\u00e0, i ristoranti, non esitate a chiederci, il team della reception \u00e8 a vostra disposizione sul posto o tramite la <strong>nostra applicazione che vi invitiamo a scaricare:<\/strong><\/p>\n<p style=\"text-align: center;\"><strong><a href=\"https:\/\/apps.apple.com\/fr\/app\/vasca-doro\/id1268821634\" target=\"_blank\" rel=\"noopener noreferrer\">iPhone<\/a> I <\/strong><a href=\"https:\/\/play.google.com\/store\/apps\/details?id=com.rsk.VascaDOro&amp;hl=fr\" target=\"_blank\" rel=\"noopener noreferrer\"><strong>Android<\/strong><\/a><\/p>\n<p style=\"text-align: center;\">Per qualsiasi esigenza aggiuntiva nella vostra villa siamo a vostra disposizione e faremo del nostro meglio per soddisfarvi durante il vostro soggiorno.<br \/>\nPotete lasciare la vostra posta affrancata e provvederemo a spedirla per voi.<\/p>\n<p>[\/vc_column_text][vc_empty_space][\/vc_column_inner][\/vc_row_inner][vc_row_inner equal_height=&#8221;yes&#8221; css=&#8221;.vc_custom_1548803409589{margin-bottom: 0px !important;background-color: #ffffff !important;}&#8221;][vc_column_inner width=&#8221;1\/2&#8243; css=&#8221;.vc_custom_1565622672777{background-color: #e3eef2 !important;}&#8221;][vc_single_image image=&#8221;2197&#8243; alignment=&#8221;center&#8221;][vc_column_text css=&#8221;.vc_custom_1569578654676{margin-right: 18% !important;margin-left: 18% !important;}&#8221;]<\/p>\n<h3 style=\"text-align: center; line-height: 30px;\"><span style=\"color: #2b86ad;\">il bar<br \/>\n<\/span><\/h3>\n<p>[\/vc_column_text][vc_column_text css=&#8221;.vc_custom_1569578725584{margin-right: 20% !important;margin-left: 20% !important;}&#8221;]<\/p>\n<p style=\"text-align: center;\">Il residence Vasca d&#8217;Oro dispone di un bar in cui poter bere un drink o gustare un gelato e dove troverete riviste, libri, giochi da tavolo, calcio balilla, connessione internet gratuita&#8230;<\/p>\n<p>[\/vc_column_text][vc_empty_space][\/vc_column_inner][vc_column_inner width=&#8221;1\/2&#8243; css=&#8221;.vc_custom_1569578645496{padding-top: 0px !important;padding-right: 0px !important;padding-bottom: 0px !important;padding-left: 0px !important;background-image: url(https:\/\/vascadoro.com\/wp-content\/uploads\/2019\/09\/service-bar-location-villas-porto-vecchio.jpg?id=622) !important;background-position: center !important;background-repeat: no-repeat !important;background-size: cover !important;}&#8221;][vc_empty_space height=&#8221;350px&#8221;][\/vc_column_inner][\/vc_row_inner][vc_row_inner equal_height=&#8221;yes&#8221; css=&#8221;.vc_custom_1548803516690{margin-bottom: 0px !important;background-color: #ffffff !important;}&#8221;][vc_column_inner width=&#8221;1\/2&#8243; css=&#8221;.vc_custom_1569579059309{padding-top: 0px !important;padding-right: 0px !important;padding-bottom: 0px !important;padding-left: 0px !important;background-image: url(https:\/\/vascadoro.com\/wp-content\/uploads\/2019\/09\/enfants.jpg?id=626) !important;background-position: center !important;background-repeat: no-repeat !important;background-size: cover !important;}&#8221;][vc_empty_space height=&#8221;350px&#8221;][\/vc_column_inner][vc_column_inner width=&#8221;1\/2&#8243; css=&#8221;.vc_custom_1565622656628{background-color: #e3eef2 !important;}&#8221;][vc_single_image image=&#8221;2197&#8243; alignment=&#8221;center&#8221;][vc_column_text css=&#8221;.vc_custom_1569579036083{margin-right: 20% !important;margin-left: 20% !important;}&#8221;]<\/p>\n<h3 style=\"text-align: center; line-height: 30px;\"><span style=\"color: #2b86ad;\">per i vostri bambini<\/span><\/h3>\n<p>[\/vc_column_text][vc_column_text css=&#8221;.vc_custom_1569578882117{margin-right: 20% !important;margin-left: 20% !important;}&#8221;]<\/p>\n<p style=\"text-align: center;\">Per il comfort dei pi\u00f9 piccoli, il nostro residence mette a disposizione gratuitamente un lettino per neonati, seggiolone, vasca da bagno e passeggino.<br \/>\nContattateci per una babysitter.<\/p>\n<p>[\/vc_column_text][vc_empty_space][\/vc_column_inner][\/vc_row_inner][vc_row_inner equal_height=&#8221;yes&#8221; css=&#8221;.vc_custom_1548803409589{margin-bottom: 0px !important;background-color: #ffffff !important;}&#8221;][vc_column_inner width=&#8221;1\/2&#8243; css=&#8221;.vc_custom_1565622672777{background-color: #e3eef2 !important;}&#8221;][vc_single_image image=&#8221;2197&#8243; alignment=&#8221;center&#8221;][vc_column_text css=&#8221;.vc_custom_1569579109397{margin-right: 18% !important;margin-left: 18% !important;}&#8221;]<\/p>\n<h3 style=\"text-align: center; line-height: 30px;\"><span style=\"color: #2b86ad;\">animali domestici ammessi<\/span><\/h3>\n<p>[\/vc_column_text][vc_column_text css=&#8221;.vc_custom_1569579166605{margin-right: 20% !important;margin-left: 20% !important;}&#8221;]<\/p>\n<p class=\"gmail-msolistparagraph\" style=\"margin: 0cm 0cm 0.0001pt; text-align: center;\"><span style=\"font-size: 11.0pt; font-family: 'Calibri',sans-serif;\">Il vostro animale domestico \u00e8 il benvenuto nel residence Vasca d&#8217;Oro. Vi preghiamo di indicarcelo al momento della prenotazione del soggiorno.<\/span><\/p>\n<p>[\/vc_column_text][vc_empty_space][\/vc_column_inner][vc_column_inner width=&#8221;1\/2&#8243; css=&#8221;.vc_custom_1569579274861{padding-top: 0px !important;padding-right: 0px !important;padding-bottom: 0px !important;padding-left: 0px !important;background-image: url(https:\/\/vascadoro.com\/wp-content\/uploads\/2019\/09\/animaux-acceptes-a-la-residence.jpg?id=630) !important;background-position: center !important;background-repeat: no-repeat !important;background-size: cover !important;}&#8221;][vc_empty_space height=&#8221;350px&#8221;][\/vc_column_inner][\/vc_row_inner][vc_row_inner equal_height=&#8221;yes&#8221; css=&#8221;.vc_custom_1548803516690{margin-bottom: 0px !important;background-color: #ffffff !important;}&#8221;][vc_column_inner width=&#8221;1\/2&#8243; css=&#8221;.vc_custom_1569588687723{padding-top: 0px !important;padding-right: 0px !important;padding-bottom: 0px !important;padding-left: 0px !important;background-image: url(https:\/\/vascadoro.com\/wp-content\/uploads\/2019\/08\/ServiceD.jpg?id=114) !important;background-position: center !important;background-repeat: no-repeat !important;background-size: cover !important;}&#8221;][vc_empty_space height=&#8221;350px&#8221;][\/vc_column_inner][vc_column_inner width=&#8221;1\/2&#8243; css=&#8221;.vc_custom_1565622656628{background-color: #e3eef2 !important;}&#8221;][vc_single_image image=&#8221;2197&#8243; alignment=&#8221;center&#8221;][vc_column_text css=&#8221;.vc_custom_1569589072621{margin-right: 20% !important;margin-left: 20% !important;}&#8221;]<\/p>\n<h3 style=\"text-align: center; line-height: 30px;\"><span style=\"color: #2b86ad;\">lenzuola e asciugamani forniti<\/span><\/h3>\n<p>[\/vc_column_text][vc_column_text css=&#8221;.vc_custom_1569589020258{margin-right: 20% !important;margin-left: 20% !important;}&#8221;]<\/p>\n<p style=\"text-align: center;\">Siamo lieti di fornirvi asciugamani, lenzuola, letti fatti all&#8217;arrivo.<br \/>\nVi proponiamo in affitto: asciugamani da spiaggia 11\u20ac\/settimana e accappatoi 11\u20ac\/persona\/settimana.<\/p>\n<p>[\/vc_column_text][vc_empty_space][\/vc_column_inner][\/vc_row_inner]<\/div><\/div><\/div>[\/vc_column][\/vc_row]<\/p>\n<\/div>","protected":false},"excerpt":{"rendered":"<p>[vc_row css=&#8221;.vc_custom_1549379736057{margin-bottom: 0px !important;}&#8221;][vc_column css=&#8221;.vc_custom_1548802651004{margin-bottom: 0px !important;}&#8221;][\/vc_column][\/vc_row][vc_row full_width=&#8221;stretch_row_content&#8221; css=&#8221;.vc_custom_1549305435808{margin-bottom: 0px !important;padding-top: 0px !important;}&#8221;][vc_column css=&#8221;.vc_custom_1548802578294{padding-top: 0px !important;}&#8221;][\/vc_column][\/vc_row]<\/p>\n","protected":false},"author":1,"featured_media":0,"parent":0,"menu_order":0,"comment_status":"closed","ping_status":"closed","template":"","meta":{"_monsterinsights_skip_tracking":false,"_monsterinsights_sitenote_active":false,"_monsterinsights_sitenote_note":"","_monsterinsights_sitenote_category":0,"footnotes":""},"class_list":["post-826","page","type-page","status-publish"],"_links":{"self":[{"href":"https:\/\/vascadoro.com\/it\/wp-json\/wp\/v2\/pages\/826","targetHints":{"allow":["GET"]}}],"collection":[{"href":"https:\/\/vascadoro.com\/it\/wp-json\/wp\/v2\/pages"}],"about":[{"href":"https:\/\/vascadoro.com\/it\/wp-json\/wp\/v2\/types\/page"}],"author":[{"embeddable":true,"href":"https:\/\/vascadoro.com\/it\/wp-json\/wp\/v2\/users\/1"}],"replies":[{"embeddable":true,"href":"https:\/\/vascadoro.com\/it\/wp-json\/wp\/v2\/comments?post=826"}],"version-history":[{"count":8,"href":"https:\/\/vascadoro.com\/it\/wp-json\/wp\/v2\/pages\/826\/revisions"}],"predecessor-version":[{"id":2367,"href":"https:\/\/vascadoro.com\/it\/wp-json\/wp\/v2\/pages\/826\/revisions\/2367"}],"wp:attachment":[{"href":"https:\/\/vascadoro.com\/it\/wp-json\/wp\/v2\/media?parent=826"}],"curies":[{"name":"wp","href":"https:\/\/api.w.org\/{rel}","templated":true}]}}